{"id":2,"date":"2016-03-12T11:45:01","date_gmt":"2016-03-12T10:45:01","guid":{"rendered":""},"modified":"2016-06-13T08:19:13","modified_gmt":"2016-06-13T06:19:13","slug":"beispiel-seite","status":"publish","type":"page","link":"http:\/\/www.liedertafel-schwertberg.at\/?page_id=2","title":{"rendered":"Willkommen"},"content":{"rendered":"<p>Eine\u00a0<b>Liedertafel<\/b>\u00a0ist urspr\u00fcnglich eine Tafelrunde nach dem ideellen Vorbild\u00a0<a class=\"mw-redirect\" title=\"K\u00f6nig Artus\" href=\"https:\/\/de.wikipedia.org\/wiki\/K%C3%B6nig_Artus\">K\u00f6nig Artus<\/a>\u00a0oder Arthurs\u00a0<a title=\"Tafelrunde\" href=\"https:\/\/de.wikipedia.org\/wiki\/Tafelrunde\">Tafelrunde<\/a>, eine solche von gleichgesinnten Freunden, \u201edie, verschieden in Beruf und Stellung, einig waren in idealer Gesinnung, besonders in begeisterter Liebe zum Gesang\u201c.<\/p>\n<p>Heute existieren ungez\u00e4hlte\u00a0<a class=\"mw-redirect\" title=\"Gesangsverein\" href=\"https:\/\/de.wikipedia.org\/wiki\/Gesangsverein\">Gesangsvereine<\/a>\u00a0unter der Bezeichnung Liedertafel, einer speziellen Bezeichnung von Chorvereinigungen im deutschsprachigen Raum, die in der Regel zu unterschiedlichen Anl\u00e4ssen auch \u00f6ffentlich auftreten.<\/p>\n<p>Dass Chorsingen sich all die\u00a0 Jahre erhalten konnte, ohne ein Ladenh\u00fcter zu werden, liegt wohl darin begr\u00fcndet, dass Singen gesund ist. Ob allein in der Badewanne oder gemeinsam im Chor \u2013 Singen ist beliebt. Wissenschaftler konnten jetzt nachweisen, dass Singen nicht nur Spa\u00df macht, sondern auch gut f\u00fcr die Gesundheit ist. Denn nicht nur die Stimmb\u00e4nder, sondern der gesamte K\u00f6rper kommt durch das Singen in Bewegung. Zwerchfell und Lunge werden trainiert, die Durchblutung gef\u00f6rdert und K\u00f6rperhaltung sowie Herz und Kreislauf positiv beeinflusst. Die Mediziner konnten sogar nachweisen, dass das Immunsystem der Chors\u00e4nger besonders gut arbeitet und diese so gegen Krankheiten besser gesch\u00fctzt sind. Zus\u00e4tzlich sch\u00fcttet der Organismus beim Singen Gl\u00fcckshormone aus. Dadurch nimmt das Singen auch auf die Psyche einen positiven Einfluss.<\/p>\n","protected":false},"excerpt":{"rendered":"<p>Eine\u00a0Liedertafel\u00a0ist urspr\u00fcnglich eine Tafelrunde nach dem ideellen Vorbild\u00a0K\u00f6nig Artus\u00a0oder Arthurs\u00a0Tafelrunde, eine solche von gleichgesinnten Freunden, \u201edie, verschieden in Beruf und Stellung, einig waren in idealer Gesinnung, besonders in begeisterter Liebe zum Gesang\u201c. Heute existieren ungez\u00e4hlte\u00a0Gesangsvereine\u00a0unter der Bezeichnung Liedertafel, einer speziellen Bezeichnung von Chorvereinigungen im deutschsprachigen Raum, die in der Regel zu unterschiedlichen Anl\u00e4ssen auch \u00f6ffentlich &#8230;<\/p>\n","protected":false},"author":1,"featured_media":0,"parent":0,"menu_order":0,"comment_status":"closed","ping_status":"open","template":"","meta":{"ngg_post_thumbnail":0,"footnotes":""},"class_list":["post-2","page","type-page","status-publish","hentry"],"_links":{"self":[{"href":"http:\/\/www.liedertafel-schwertberg.at\/index.php?rest_route=\/wp\/v2\/pages\/2"}],"collection":[{"href":"http:\/\/www.liedertafel-schwertberg.at\/index.php?rest_route=\/wp\/v2\/pages"}],"about":[{"href":"http:\/\/www.liedertafel-schwertberg.at\/index.php?rest_route=\/wp\/v2\/types\/page"}],"author":[{"embeddable":true,"href":"http:\/\/www.liedertafel-schwertberg.at\/index.php?rest_route=\/wp\/v2\/users\/1"}],"replies":[{"embeddable":true,"href":"http:\/\/www.liedertafel-schwertberg.at\/index.php?rest_route=%2Fwp%2Fv2%2Fcomments&post=2"}],"version-history":[{"count":4,"href":"http:\/\/www.liedertafel-schwertberg.at\/index.php?rest_route=\/wp\/v2\/pages\/2\/revisions"}],"predecessor-version":[{"id":152,"href":"http:\/\/www.liedertafel-schwertberg.at\/index.php?rest_route=\/wp\/v2\/pages\/2\/revisions\/152"}],"wp:attachment":[{"href":"http:\/\/www.liedertafel-schwertberg.at\/index.php?rest_route=%2Fwp%2Fv2%2Fmedia&parent=2"}],"curies":[{"name":"wp","href":"https:\/\/api.w.org\/{rel}","templated":true}]}}