{"id":14,"date":"2016-03-12T12:10:23","date_gmt":"2016-03-12T11:10:23","guid":{"rendered":"http:\/\/www.liedertafel-schwertberg.at\/?page_id=14"},"modified":"2016-06-13T09:00:08","modified_gmt":"2016-06-13T07:00:08","slug":"kids-on-fire","status":"publish","type":"page","link":"http:\/\/www.liedertafel-schwertberg.at\/?page_id=14","title":{"rendered":"Kids on Fire"},"content":{"rendered":"<p><u>Idee:<\/u><\/p>\n<p>Das Anliegen, junge Menschen zum Singen zu motivieren und traditionelles Liedgut zu transportieren, brachte uns auf die Idee zu diesem innovativen Projekt. Die Kinderferienaktion der Gemeinde Schwertberg bot uns eine sehr geeignete Plattform, unseren Plan umzusetzen. Seit 1999 bieten wir unter dem ansprechenden Titel \u201eKIDS on FIRE\u201c (\u00a9 Johanna Wastl) gemeinsames Singen, Spielen und Tanzen rund ums Lagerfeuer an.<\/p>\n<p>&nbsp;<\/p>\n<p><u>Zielgruppe:<\/u><\/p>\n<p>Kinder und Jugendliche im schulpflichtigen Alter (von 6 bis 14 Jahren), die Freude am Singen haben.<\/p>\n<p>&nbsp;<\/p>\n<p><u>Ziele:<\/u><\/p>\n<p>Die Kinder sollen S\u00e4ngerinnen und S\u00e4nger der Liedertafel pers\u00f6nlich kennen lernen und den Verein mit einem positiven Erlebnis in Verbindung bringen. Wir erwarten uns dadurch eine Verringerung der Hemmschwelle beim Eintritt in unseren Verein als (junge) Erwachsene.<\/p>\n<p>Unsere Aktion soll au\u00dferdem altes Liedgut beim gemeinsamen Singen am Lagerfeuer in Erinnerung rufen. Die ausgeteilten Liederhefte d\u00fcrfen die Kinder mit nach Hause nehmen.<\/p>\n<p>&nbsp;<\/p>\n<p><u>Termin und Ort:<\/u><\/p>\n<p>Ein Tag in den Sommerferien, von 18.00 Uhr bis 22.00 Uhr.<\/p>\n<p>Der Turnverein Schwertberg stellt uns eine gro\u00dfe Wiese mit einer Lagerfeuerstelle zur Verf\u00fcgung.<\/p>\n<p>&nbsp;<\/p>\n<p><u>Anmeldung:<\/u><\/p>\n<p>In den Wochen vor Schulschluss teilt die Gemeinde in den Schulen das Programmheft der Kinderferienaktion aus. Die Sch\u00fcler k\u00f6nnen aus den vielf\u00e4ltigen Angeboten ausw\u00e4hlen. Unsere Jugendreferentin erh\u00e4lt von der Gemeinde die Anmeldeabschnitte mit den Namen der Kinder.<\/p>\n<p>&nbsp;<\/p>\n<p><u>Ablauf:<\/u><\/p>\n<p>Begr\u00fc\u00dfung und Austeilen der Namensschilder:<\/p>\n<p>Sowohl Kinder als auch S\u00e4ngerinnen und S\u00e4nger erhalten ein Namensschild, wodurch die Kommunikation pers\u00f6nlich und f\u00fcr alle leichter wird.<\/p>\n<p>Die Chorleiterin oder die Obfrau stellt den Chor und den Ablauf der Chorproben kindgem\u00e4\u00df vor.<\/p>\n<p>&nbsp;<\/p>\n<p>Die erste H\u00e4lfte des Abends erm\u00f6glicht ein gegenseitiges Kennenlernen. Es werden Spielstationen wie z.B. Twister, Bauerngolf, Stelzen gehen, Grasschi laufen, Dosen schie\u00dfen, Seil springen, Poi Schwingen, Diavolo\u00a0\u2026 angeboten. Auch das Malen von Mandalas (f\u00fcr j\u00fcngere Kinder) und das L\u00f6sen von Sudokus (f\u00fcr \u00c4ltere) wird begeistert angenommen.<\/p>\n<p>Jedes Jahr denken wir uns zus\u00e4tzlich eine besondere Bastelattraktion aus. (Papierflieger, Traumf\u00e4nger, Einflechten von Haarb\u00e4ndern, Hennatatoos, Perlenb\u00e4nder,\u2026.). Im ersten Jahr gestalteten wir eine Fahne mit dem eigens entworfenen \u201eKIDS on FIRE\u201c Logo, die jedes Jahr aufs Neue gehisst\u00a0 wird.<\/p>\n<p>&nbsp;<\/p>\n<p>Im zweiten Teil versammeln wir uns um das Lagerfeuer. Jedes Kind erh\u00e4lt einen Stecken, mit dem es die vorbereiteten Knacker grillt. Zudem sorgen gek\u00fchlte Getr\u00e4nke und von S\u00e4ngerinnen gemachte Mehlspeisen f\u00fcr rundum zufriedene Kinder.<\/p>\n<p>Wenn anschlie\u00dfend die D\u00e4mmerung eintritt, teilen wir die Liederhefte aus. Nach dem \u201eWurlitzerprinzip\u201c d\u00fcrfen die Kinder Lieder aussuchen, die dann gemeinsam mit Gitarrenbegleitung gesungen werden.<\/p>\n<p>Verschiedene T\u00e4nze um das Feuer herum lockern die Atmosph\u00e4re auf und lassen ein besonderes Gemeinschaftsgef\u00fchl aufkommen.<\/p>\n<p>Am Ende der Veranstaltung singen wir ein traditionelles Abschlusslied, zu dem wir uns die H\u00e4nde reichen.<\/p>\n<p>&nbsp;<\/p>\n<p><u>Kosten:<\/u><\/p>\n<p>Von den Kindern wird kein Unkostenbeitrag eingehoben. Die anfallenden Kosten (Knacker, Brot, Saft, S\u00fc\u00dfigkeiten, Fackeln, Kopierkosten f\u00fcr Liederhefte) sind gering und werden vom Verein getragen.<\/p>\n<p>&nbsp;<\/p>\n<p><u>Liederheft:<\/u><\/p>\n<p>Jedes Jahr stellen wir ein \u00fcberarbeitetes Liederheft mit ca. 50 Liedern zusammen. Es enth\u00e4lt traditionelle Lagerfeuerlieder wie \u201e mei Huat der hat drei L\u00f6cher,\u2026.\u201c, Ohrw\u00fcrmer wie \u201eRote Lippen soll man k\u00fcssen\u201c aber auch aktuelle Hits wie \u201eSchnappi das kleine Krokodil\u201c. Die Hefte werden von den Kindern gerne mitgenommen und auch zu Hause weiterverwendet.<\/p>\n","protected":false},"excerpt":{"rendered":"<p>Idee: Das Anliegen, junge Menschen zum Singen zu motivieren und traditionelles Liedgut zu transportieren, brachte uns auf die Idee zu diesem innovativen Projekt. Die Kinderferienaktion der Gemeinde Schwertberg bot uns eine sehr geeignete Plattform, unseren Plan umzusetzen. Seit 1999 bieten wir unter dem ansprechenden Titel \u201eKIDS on FIRE\u201c (\u00a9 Johanna Wastl) gemeinsames Singen, Spielen und &#8230;<\/p>\n","protected":false},"author":1,"featured_media":0,"parent":0,"menu_order":0,"comment_status":"closed","ping_status":"closed","template":"","meta":{"ngg_post_thumbnail":0,"footnotes":""},"class_list":["post-14","page","type-page","status-publish","hentry"],"_links":{"self":[{"href":"http:\/\/www.liedertafel-schwertberg.at\/index.php?rest_route=\/wp\/v2\/pages\/14"}],"collection":[{"href":"http:\/\/www.liedertafel-schwertberg.at\/index.php?rest_route=\/wp\/v2\/pages"}],"about":[{"href":"http:\/\/www.liedertafel-schwertberg.at\/index.php?rest_route=\/wp\/v2\/types\/page"}],"author":[{"embeddable":true,"href":"http:\/\/www.liedertafel-schwertberg.at\/index.php?rest_route=\/wp\/v2\/users\/1"}],"replies":[{"embeddable":true,"href":"http:\/\/www.liedertafel-schwertberg.at\/index.php?rest_route=%2Fwp%2Fv2%2Fcomments&post=14"}],"version-history":[{"count":4,"href":"http:\/\/www.liedertafel-schwertberg.at\/index.php?rest_route=\/wp\/v2\/pages\/14\/revisions"}],"predecessor-version":[{"id":160,"href":"http:\/\/www.liedertafel-schwertberg.at\/index.php?rest_route=\/wp\/v2\/pages\/14\/revisions\/160"}],"wp:attachment":[{"href":"http:\/\/www.liedertafel-schwertberg.at\/index.php?rest_route=%2Fwp%2Fv2%2Fmedia&parent=14"}],"curies":[{"name":"wp","href":"https:\/\/api.w.org\/{rel}","templated":true}]}}