{"id":11,"date":"2016-03-12T12:09:37","date_gmt":"2016-03-12T11:09:37","guid":{"rendered":"http:\/\/www.liedertafel-schwertberg.at\/?page_id=11"},"modified":"2026-04-09T19:31:44","modified_gmt":"2026-04-09T17:31:44","slug":"vorstand","status":"publish","type":"page","link":"http:\/\/www.liedertafel-schwertberg.at\/?page_id=11","title":{"rendered":"Vorstand"},"content":{"rendered":"<table style=\"height: 1117px;\" width=\"639\">\n<tbody>\n<tr>\n<td width=\"308\">Funktion<\/td>\n<td width=\"308\">Name<\/td>\n<\/tr>\n<tr>\n<td width=\"308\">&nbsp;<\/td>\n<td width=\"308\">&nbsp;<\/td>\n<\/tr>\n<tr>\n<td width=\"308\">OBFRAU<\/td>\n<td width=\"308\">Birgit Gro\u00dfsteiner<\/td>\n<\/tr>\n<tr>\n<td width=\"308\">OBFRAU STV<\/td>\n<td width=\"308\">Wolfgang Burghofer<\/td>\n<\/tr>\n<tr>\n<td width=\"308\">&nbsp;<\/td>\n<td width=\"308\">&nbsp;<\/td>\n<\/tr>\n<tr>\n<td width=\"308\">SCHRIFTF\u00dcHRERIN<\/td>\n<td width=\"308\">Anneliese Mittmannsgruber<\/td>\n<\/tr>\n<tr>\n<td width=\"308\">SCHRIFTF\u00dcHRERIN STV<\/td>\n<td width=\"308\">Anita Burghofer<\/td>\n<\/tr>\n<tr>\n<td width=\"308\">&nbsp;<\/td>\n<td width=\"308\">&nbsp;<\/td>\n<\/tr>\n<tr>\n<td width=\"308\">KASSIERIN<\/td>\n<td width=\"308\">Monika Rohrauer-Kopitz<\/td>\n<\/tr>\n<tr>\n<td width=\"308\">KASSIERIN STV<\/td>\n<td width=\"308\">Christa Astleitner<\/td>\n<\/tr>\n<tr>\n<td width=\"308\">&nbsp;<\/td>\n<td width=\"308\">&nbsp;<\/td>\n<\/tr>\n<tr>\n<td width=\"308\">ARCHIVARIN<\/td>\n<td width=\"308\">Evi Kapplm\u00fcller<\/td>\n<\/tr>\n<tr>\n<td width=\"308\">ARCHIVARIN STV<\/td>\n<td width=\"308\">Gabriele Lemoch<\/td>\n<\/tr>\n<tr>\n<td width=\"308\">&nbsp;<\/td>\n<td width=\"308\">&nbsp;<\/td>\n<\/tr>\n<tr>\n<td width=\"308\">JUGENDREFERENTIN<\/td>\n<td width=\"308\">Susanne Haslauer<\/td>\n<\/tr>\n<tr>\n<td width=\"308\">JUGENDREFERENTIN STV<\/td>\n<td width=\"308\">Johanna Wastl<\/td>\n<\/tr>\n<tr>\n<td width=\"308\">&nbsp;<\/td>\n<td width=\"308\">&nbsp;<\/td>\n<\/tr>\n<tr>\n<td width=\"308\">RECHNUNGSPR\u00dcFERIN<\/td>\n<td width=\"308\">Melitta Hofst\u00e4tter<\/td>\n<\/tr>\n<tr>\n<td width=\"308\">RECHNUNGSPR\u00dcFER<\/td>\n<td width=\"308\">Hans Kaser<\/td>\n<\/tr>\n<tr>\n<td width=\"308\">&nbsp;<\/td>\n<td width=\"308\">&nbsp;<\/td>\n<\/tr>\n<tr>\n<td width=\"308\">&nbsp;FAHNENJUNKER<\/td>\n<td width=\"308\">Hans Kaser<\/td>\n<\/tr>\n<tr>\n<td width=\"308\">PRESSEREFERENTINNEN<\/td>\n<td width=\"308\">Johanna Wastl,&nbsp; Anita Burghofer<\/td>\n<\/tr>\n<tr>\n<td width=\"308\">&nbsp;<\/td>\n<td width=\"308\">&nbsp;<\/td>\n<\/tr>\n<tr>\n<td width=\"308\">CHORLEITER-TEAM<\/td>\n<td width=\"308\">Martin Kapplm\u00fcller, Robert Walkner<\/td>\n<\/tr>\n<\/tbody>\n<\/table>\n<p>&nbsp;<\/p>\n","protected":false},"excerpt":{"rendered":"<p>Funktion Name &nbsp; &nbsp; OBFRAU Birgit Gro\u00dfsteiner OBFRAU STV Wolfgang Burghofer &nbsp; &nbsp; SCHRIFTF\u00dcHRERIN Anneliese Mittmannsgruber SCHRIFTF\u00dcHRERIN STV Anita Burghofer &nbsp; &nbsp; KASSIERIN Monika Rohrauer-Kopitz KASSIERIN STV Christa Astleitner &nbsp; &nbsp; ARCHIVARIN Evi Kapplm\u00fcller ARCHIVARIN STV Gabriele Lemoch &nbsp; &nbsp; JUGENDREFERENTIN Susanne Haslauer JUGENDREFERENTIN STV Johanna Wastl &nbsp; &nbsp; RECHNUNGSPR\u00dcFERIN Melitta Hofst\u00e4tter RECHNUNGSPR\u00dcFER Hans Kaser &#8230;<\/p>\n","protected":false},"author":1,"featured_media":0,"parent":0,"menu_order":0,"comment_status":"closed","ping_status":"closed","template":"","meta":{"ngg_post_thumbnail":0,"footnotes":""},"class_list":["post-11","page","type-page","status-publish","hentry"],"_links":{"self":[{"href":"http:\/\/www.liedertafel-schwertberg.at\/index.php?rest_route=\/wp\/v2\/pages\/11"}],"collection":[{"href":"http:\/\/www.liedertafel-schwertberg.at\/index.php?rest_route=\/wp\/v2\/pages"}],"about":[{"href":"http:\/\/www.liedertafel-schwertberg.at\/index.php?rest_route=\/wp\/v2\/types\/page"}],"author":[{"embeddable":true,"href":"http:\/\/www.liedertafel-schwertberg.at\/index.php?rest_route=\/wp\/v2\/users\/1"}],"replies":[{"embeddable":true,"href":"http:\/\/www.liedertafel-schwertberg.at\/index.php?rest_route=%2Fwp%2Fv2%2Fcomments&post=11"}],"version-history":[{"count":28,"href":"http:\/\/www.liedertafel-schwertberg.at\/index.php?rest_route=\/wp\/v2\/pages\/11\/revisions"}],"predecessor-version":[{"id":1364,"href":"http:\/\/www.liedertafel-schwertberg.at\/index.php?rest_route=\/wp\/v2\/pages\/11\/revisions\/1364"}],"wp:attachment":[{"href":"http:\/\/www.liedertafel-schwertberg.at\/index.php?rest_route=%2Fwp%2Fv2%2Fmedia&parent=11"}],"curies":[{"name":"wp","href":"https:\/\/api.w.org\/{rel}","templated":true}]}}